{"id":17,"date":"2022-01-23T17:37:41","date_gmt":"2022-01-23T16:37:41","guid":{"rendered":"http:\/\/db-school.fr\/?page_id=17"},"modified":"2022-01-31T14:33:35","modified_gmt":"2022-01-31T13:33:35","slug":"qui-sommes-nous","status":"publish","type":"page","link":"https:\/\/db-school.fr\/index.php\/qui-sommes-nous\/","title":{"rendered":"Qui sommes nous"},"content":{"rendered":"\n<p class=\"has-text-align-center has-pale-cyan-blue-background-color has-background has-medium-font-size\"><strong>L&#8217; entreprise &nbsp;db school est un organisme de formation continue d&#8217;adultes cr\u00e9e en 2014 .<\/strong><\/p>\n\n\n\n<p class=\"has-medium-font-size\"><br><strong>Je suis la 3 \u00e8me g\u00e9n\u00e9ration de ma famille dans le domaine de\u00a0 la Boulangerie-P\u00e2tisserie et j&#8217;exerce ce m\u00e9tier depuis 38 ans, en ayant passer par tous les postes , de chef d&#8217;entreprises \u00e0 chef chez des MOF .<\/strong><br><\/p>\n\n\n\n<p class=\"has-medium-font-size\"><strong>Mon parcours professionnel est tr\u00e8s charg\u00e9 et ma fiert\u00e9 est d&#8217;avoir particip\u00e9 \u00e0 une finale du GPIC (World Chocolate Master) 17\u00e8me\/40 .<\/strong><br><\/p>\n\n\n\n<p class=\"has-text-align-center has-medium-font-size\"><strong>La db school exerce dans la formation professionnelle dans le domaine de la Boulangerie-P\u00e2tisserie-Confiserie-Chocolaterie-Glacerie-Biscuiterie-Sandwicherie-Snacking .<\/strong><br><\/p>\n\n\n\n<p class=\"has-medium-font-size\"><strong>Je me d\u00e9place dans vos locaux pour r\u00e9aliser les formations et la planification des dates est faite en fonction de vos disponibilit\u00e9s .<\/strong><br><\/p>\n\n\n\n<p class=\"has-text-align-center has-luminous-vivid-amber-background-color has-background has-large-font-size\"><strong>Toutes les formations sont prises en charge \u00e0 100% .<\/strong><br><\/p>\n\n\n\n<p class=\"has-medium-font-size\"><strong>Les organismes travaillant avec les boulangeries-P\u00e2tisseries sont :<\/strong><br><strong><a href=\"https:\/\/www.fafcea.com\" data-type=\"URL\" data-id=\"https:\/\/www.fafcea.com\" target=\"_blank\" rel=\"noreferrer noopener\">FAFCEA<\/a> pour les chef d&#8217;entreprises et conjoint(e)collaborateur .<\/strong><br><strong><a href=\"https:\/\/www.opcoep.fr\" data-type=\"URL\" data-id=\"https:\/\/www.opcoep.fr\" target=\"_blank\" rel=\"noreferrer noopener\">OPCO EP<\/a> pour les employ\u00e9s<\/strong><\/p>\n","protected":false},"excerpt":{"rendered":"<p>L&#8217; entreprise &nbsp;db school est un organisme de formation continue d&#8217;adultes cr\u00e9e en 2014 . Je suis la 3 \u00e8me g\u00e9n\u00e9ration de ma famille dans le domaine de\u00a0 la Boulangerie-P\u00e2tisserie et j&#8217;exerce ce m\u00e9tier depuis 38 ans, en ayant passer par tous les postes , de chef d&#8217;entreprises \u00e0 chef chez des MOF . Mon<a class=\"article-read-more\" href=\"https:\/\/db-school.fr\/index.php\/qui-sommes-nous\/\"><i class=\"worldblogicon fa-angle-double-right\"><\/i><\/a><\/p>\n","protected":false},"author":1,"featured_media":0,"parent":0,"menu_order":0,"comment_status":"closed","ping_status":"closed","template":"","meta":{"footnotes":""},"class_list":["post-17","page","type-page","status-publish","hentry"],"_links":{"self":[{"href":"https:\/\/db-school.fr\/index.php\/wp-json\/wp\/v2\/pages\/17","targetHints":{"allow":["GET"]}}],"collection":[{"href":"https:\/\/db-school.fr\/index.php\/wp-json\/wp\/v2\/pages"}],"about":[{"href":"https:\/\/db-school.fr\/index.php\/wp-json\/wp\/v2\/types\/page"}],"author":[{"embeddable":true,"href":"https:\/\/db-school.fr\/index.php\/wp-json\/wp\/v2\/users\/1"}],"replies":[{"embeddable":true,"href":"https:\/\/db-school.fr\/index.php\/wp-json\/wp\/v2\/comments?post=17"}],"version-history":[{"count":9,"href":"https:\/\/db-school.fr\/index.php\/wp-json\/wp\/v2\/pages\/17\/revisions"}],"predecessor-version":[{"id":3199,"href":"https:\/\/db-school.fr\/index.php\/wp-json\/wp\/v2\/pages\/17\/revisions\/3199"}],"wp:attachment":[{"href":"https:\/\/db-school.fr\/index.php\/wp-json\/wp\/v2\/media?parent=17"}],"curies":[{"name":"wp","href":"https:\/\/api.w.org\/{rel}","templated":true}]}}