{"id":18,"date":"2022-01-23T17:37:41","date_gmt":"2022-01-23T16:37:41","guid":{"rendered":"http:\/\/db-school.fr\/?page_id=18"},"modified":"2022-01-25T09:37:23","modified_gmt":"2022-01-25T08:37:23","slug":"reglement-interieur","status":"publish","type":"page","link":"https:\/\/db-school.fr\/index.php\/reglement-interieur\/","title":{"rendered":"R\u00e8glement Int\u00e9rieur"},"content":{"rendered":"\n<h2 class=\"has-text-align-center wp-block-heading\">R\u00e8glement int\u00e9rieur et principaux textes de r\u00e9f\u00e9rence<\/h2>\n\n\n\n<p><strong>Ce r\u00e8glement s&#8217;applique uniquement lors d&#8217;une formation r\u00e9alis\u00e9e par la&nbsp;DB&nbsp;SCHOOL<\/strong><\/p>\n\n\n\n<p>Le pr\u00e9sent r\u00e8glement int\u00e9rieur a vocation \u00e0 pr\u00e9ciser certaines dispositions s&#8217;appliquant \u00e0 tous les inscrits et participants aux diff\u00e9rents stages organis\u00e9s par l&#8217;organisme de formation dans le but&nbsp;de permettre un fonctionnement r\u00e9gulier des formations&nbsp;propos\u00e9es.<\/p>\n\n\n\n<p><strong>Personnel assujetti<\/strong><strong>&nbsp;<\/strong><strong>:<\/strong><\/p>\n\n\n\n<p>Le pr\u00e9sent r\u00e8glement int\u00e9rieur a vocation \u00e0 pr\u00e9ciser certaines dispositions s&#8217;appliquant \u00e0 tous les inscrits et participants aux diff\u00e9rents stages organis\u00e9s,dans le but de permettre un&nbsp;fonctionnement r\u00e9gulier des formations propos\u00e9es par la&nbsp;<strong>db<\/strong><strong>school.<\/strong><\/p>\n\n\n\n<p><strong>Conditions g\u00e9n\u00e9rales<\/strong><strong>&nbsp;<\/strong><strong>:<\/strong><\/p>\n\n\n\n<p>Toute personne en stage doit respecter le pr\u00e9sent r\u00e8glement pour toutes les questions relatives \u00e0 l&#8217;application de la r\u00e8glementation en mati\u00e8re d&#8217;hygi\u00e8ne et de s\u00e9curit\u00e9, ainsi que les r\u00e8gles g\u00e9n\u00e9rales et permanentes relatives \u00e0 la discipline.<\/p>\n\n\n\n<p><strong>Article<\/strong><strong>&nbsp;<\/strong><strong>1 : R\u00e8gles g\u00e9n\u00e9rales d&#8217;hygi\u00e8ne et de<\/strong><strong>&nbsp;<\/strong><strong>s\u00e9curit\u00e9<\/strong><\/p>\n\n\n\n<p>Chaque stagiaire doit veiller \u00e0 sa s\u00e9curit\u00e9 personnelle et \u00e0 celle des autres en respectant, en fonction de sa formation, les consignes g\u00e9n\u00e9rales et particuli\u00e8res de s\u00e9curit\u00e9 en vigueur sur les lieux de&nbsp;stage, ainsi qu&#8217;en mati\u00e8re d&#8217;hygi\u00e8ne.<\/p>\n\n\n\n<p>Toutefois, conform\u00e9ment \u00e0 l&#8217;article R.6352-1 du code du travail, lorsque la formation se d\u00e9roule dans une entreprise ou un \u00e9tablissement d\u00e9j\u00e0 dot\u00e9 d&#8217;un r\u00e8glement int\u00e9rieur, les mesures d&#8217;hygi\u00e8ne&nbsp;et de s\u00e9curit\u00e9 applicables aux stagiaires sont celles de ce dernier&nbsp;r\u00e8glement.<\/p>\n\n\n\n<p><strong>Maintien en bon \u00e9tat du mat\u00e9riel\u00a0: <\/strong><\/p>\n\n\n\n<p>Chaque stagiaire a l&#8217;obligation de conserver en bon \u00e9tat le mat\u00e9riel qui lui est confi\u00e9 en vue de sa formation. Les stagiaires sont tenus d&#8217;utiliser le mat\u00e9riel conform\u00e9ment \u00e0 son sujet : l&#8217;utilisation du mat\u00e9riel \u00e0 d&#8217;autres fins, notamment personnelles est&nbsp;interdite.<\/p>\n\n\n\n<h3 class=\"wp-block-heading\"><\/h3>\n\n\n\n<p>Consigne d&#8217;incendie <\/p>\n\n\n\n<p>Les consignes d&#8217;incendie sont celles de l&#8217;entreprise o\u00f9 se passe la formation.<\/p>\n\n\n\n<h3 class=\"wp-block-heading\"><\/h3>\n\n\n\n<p><strong>Accident : <\/strong><\/p>\n\n\n\n<p>Tout accident ou incident survenu \u00e0 l&#8217;occasion de la formation doit \u00eatre imm\u00e9diatement d\u00e9clar\u00e9 par le stagiaire accident\u00e9 ou par les personnes t\u00e9moins de l&#8217;accident, au formateur de la\u00a0<strong>DBSCHOOL<\/strong>.<\/p>\n\n\n\n<p>Conform\u00e9ment \u00e0 l&#8217;article R.6342-3 du code du travail, l&#8217;accident survenu au stagiaire pendant qu&#8217;il s&#8217;y rend ou en revient, fait l&#8217;objet d&#8217;une d\u00e9claration par le responsable du centre de formation aupr\u00e8s de la caisse de s\u00e9curit\u00e9 sociale.<\/p>\n\n\n\n<h3 class=\"wp-block-heading\"><\/h3>\n\n\n\n<p><strong>Boissons alcoolis\u00e9es<\/strong><\/p>\n\n\n\n<p>Il est interdit aux stagiaires de p\u00e9n\u00e9trer ou de s\u00e9journer en \u00e9tat d&#8217;ivresse dans l&#8217;\u00e9tablissemnt de formation pendant la formation ainsi que d&#8217;y introduire des boissons alcoolis\u00e9es.<\/p>\n\n\n\n<h3 class=\"wp-block-heading\"><\/h3>\n\n\n\n<p><strong>Interdiction de Fumer<\/strong><\/p>\n\n\n\n<p>En application du d\u00e9cret n\u00b092-478 du 29 mai 1992 fixant les conditions d&#8217;applications de l&#8217;interdiction de fumer dans les lieux affect\u00e9s \u00e0 un usage collectif, il est interdit de fumer pendant la formation.<\/p>\n\n\n\n<h3 class=\"wp-block-heading\">Horaires, absences et retards :<\/h3>\n\n\n\n<p>Les horaires de stage sont fix\u00e9s par la direction ou par le formateur de la<\/p>\n\n\n\n<p><strong>DB SCHOOL&nbsp;<\/strong>et port\u00e9s \u00e0 la connaissance des stagiaires \u00e0 l&#8217;occasion de la remise aux stagiaires du programme de stage. Les stagiaires sont tenus de respecter ces horaires de stage sous peine de l&#8217;application des dispositions suivantes :<\/p>\n\n\n\n<p>En cas d&#8217;absence ou de retard au stage, les stagiaires doivent avertir le formateur qui est en charge de la formation et s&#8217;en justifier. Par ailleurs les stagiaires ne peuvent s&#8217;absenter pendant les heures de stage, sauf circonstances exceptionnelles pr\u00e9cis\u00e9es au le formateur.<\/p>\n\n\n\n<p>Par ailleurs, les stagiaires sont tenus de remplir ou signer obligatoirement et r\u00e9guli\u00e8rement, au fur et \u00e0 mesure du d\u00e9roulement de l&#8217;action, l&#8217;attestation de pr\u00e9sence, et en fin de stage le bilan de formation ainsi que l&#8217;attestation de suivide stage.<\/p>\n\n\n\n<h3 class=\"wp-block-heading\">Tenue et comportement :<\/h3>\n\n\n\n<p>Les stagiaires sont invit\u00e9s \u00e0 se pr\u00e9senter en tenue d\u00e9cente et \u00e0 avoir un comportement correct \u00e0 l&#8217;\u00e9gard de toute personne pr\u00e9sente pendant la formation.<\/p>\n\n\n\n<h3 class=\"wp-block-heading\">Informations et affichages :<\/h3>\n\n\n\n<p>La circulation de l&#8217;information se fait par l&#8217;affichage sur les panneaux pr\u00e9vus \u00e0 cet effet. La publicit\u00e9 commerciale, la propagande politique, syndicale ou religieuse sont interdites pendant la formation de la&nbsp;<strong>DB<\/strong><strong>&nbsp;<\/strong><strong>SCHOOL.<\/strong><\/p>\n\n\n\n<p>La&nbsp;<strong>DB SCHOOL&nbsp;<\/strong>d\u00e9cline toute responsabilit\u00e9 en cas de perte, vol ou d\u00e9t\u00e9rioration des objets personnels de toute nature d\u00e9pos\u00e9s par les stagiaires dans les locaux de formation mis \u00e0 la disposition des stagiaires (salle de cours, locaux administratifs, parcs de stationnement, vestiaires&#8230;).<\/p>\n\n\n\n<h3 class=\"wp-block-heading\">Sanction :<\/h3>\n\n\n\n<p>Tout manquement du stagiaire \u00e0 l&#8217;une des presciptions du pr\u00e9sent r\u00e8glement int\u00e9rieur pourra faire l&#8217;objet d&#8217;une sanction.<\/p>\n\n\n\n<p>Constitue une sanction au sens de l&#8217;article R.6352-3 du code du travail, toute mesure, autre que les observations verbales, prises par le formateur de la&nbsp;<strong>DB SCHOOL,&nbsp;<\/strong>\u00e0 la suite d&#8217;un agissement du stagiaire consid\u00e9r\u00e9 par lui comme fautif, que cette mesure soit de nature \u00e0 affecter imm\u00e9diatement ou non la pr\u00e9sence de l&#8217;int\u00e9ress\u00e9 dans le stage ou \u00e0 mettre en cause la continuit\u00e9 de la formation qu&#8217;il re\u00e7oit.<\/p>\n\n\n\n<p>Selon la gravit\u00e9 du manquement constat\u00e9, la sanction pourra consister : Soit en un avertissement ;<\/p>\n\n\n\n<p>Soit en un bl\u00e2me ou un rappel \u00e0 l&#8217;ordre ;<\/p>\n\n\n\n<p>Soit en une mesure d&#8217;exclusion d\u00e9finitive (il est rappel\u00e9 que dans la convention pass\u00e9e par la&nbsp;<strong>DB SCHOOL&nbsp;<\/strong>avec l&#8217;Etat ou la R\u00e9gion, des dispositions particuli\u00e8res sont d\u00e9finies en cas d&#8217;application des sanctions \u00e9nonc\u00e9es ci-dessus).<\/p>\n\n\n\n<p>Les amendes ou autres sanctions p\u00e9cuniaires sont interdites.<\/p>\n\n\n\n<p>Le formateur de la&nbsp;<strong>DB SCHOOL&nbsp;<\/strong>doit informer de la sanction prise :<\/p>\n\n\n\n<p>L&#8217;employeur, lorsque le stagiaire est un salari\u00e9 b\u00e9n\u00e9ficiant d&#8217;un stage dans le cadre du plan de formation en entreprise ;<\/p>\n\n\n\n<p>L&#8217;employeur et l&#8217;organisme paritaire qui a pris \u00e0 sa charge les d\u00e9penses de la formation, lorsque le stagiaire est un salari\u00e9 b\u00e9b\u00e9ficiant d&#8217;un stage.<\/p>\n\n\n\n<h3 class=\"wp-block-heading\">Proc\u00e9dures disciplinaires :<\/h3>\n\n\n\n<p>Les dispositions qui suivent constituent la reprise des articles R.6352-4 \u00e0 R.6352-8 du code du travail.<\/p>\n\n\n\n<p>Aucune sanction ne peut \u00eatre inflig\u00e9e au stagiaire sans que celui-ci ait \u00e9t\u00e9 inform\u00e9 au pr\u00e9alable des griefs retenus contre lui.<\/p>\n\n\n\n<p>Lorsque le formateur de la&nbsp;<strong>DB SCHOOL&nbsp;<\/strong>envisage de prendre une sanction qui a une incidence, imm\u00e9diate ou non, sur la pr\u00e9sence d&#8217;un stagiaire dans une formation, il est proc\u00e9d\u00e9 ainsi qu&#8217;il suit :<\/p>\n\n\n\n<p>Le formateur de la&nbsp;<strong>DB SCHOOL&nbsp;<\/strong>convoque le stagiaire en lui indiquant l&#8217;objet de cette convocation.<\/p>\n\n\n\n<p>Celle-ci pr\u00e9cise la date, l&#8217;heure et le lieu de l&#8217;entretien. Elle est \u00e9crite et est adress\u00e9e par lettre recommand\u00e9e ou remise \u00e0 l&#8217;int\u00e9ress\u00e9 contre d\u00e9charge.<\/p>\n\n\n\n<p>Au cours de l&#8217;entretien, le stagiaire peut se faire assister par une personne de son choix.<\/p>\n\n\n\n<p>La convocation mentionn\u00e9e \u00e0 l&#8217;alin\u00e9a pr\u00e9c\u00e9dent fait \u00e9tat de cette facult\u00e9. Le formateur de la&nbsp;<strong>DB SCHOOL&nbsp;<\/strong>ou son repr\u00e9sentant indique le motif de la sanction envisag\u00e9e et recueille les explications du stagiaire. Dans le cas o\u00f9 une exclusion d\u00e9finitive du stage est envisag\u00e9e et o\u00f9 il exciste un conseil de perfectionnement, celui-ci est constitu\u00e9 en commission de discipline, o\u00f9 si\u00e8gent les repr\u00e9sentants<\/p>\n\n\n\n<p>des stagiaires.<\/p>\n\n\n\n<p>Il est saisi par le formateur de la DB SCHOOL ou son repr\u00e9sentant apr\u00e9s l&#8217;entretien susvis\u00e9 et formule un avis sur la mesure d&#8217;exclusion envisag\u00e9e.<\/p>\n\n\n\n<p>Le stagiaire est avis\u00e9 de cette saisine. Il est entendu sur sa demande par la commission de discipline.Il peut, dans ce cas, \u00eatre assist\u00e9 par une personne de son choix, stagiaire ou salari\u00e9 de l&#8217;organisme. La commission de discipline transmet son avis au Directeur de la&nbsp;<strong>DB SCHOOL&nbsp;<\/strong>dans un d\u00e9lai d&#8217;un jour franc apr\u00e8s sa r\u00e9union.<\/p>\n\n\n\n<p>La sanction ne peut intervenir moins d&#8217;un jour franc ni plus de quinze jours apr\u00e8s l&#8217;entretien ou, le cas \u00e9ch\u00e9ant, apr\u00e8s la transmission de l&#8217;avis de la commission de de discipline. Elle fait l&#8217;objet d&#8217;une d\u00e9cision \u00e9crite et motiv\u00e9e, notifi\u00e9e au stagiaire sous la forme d&#8217;une lettre qui lui est remise contre d\u00e9charge ou d&#8217;une lettre recommand\u00e9e.<\/p>\n\n\n\n<p>Lorsque l&#8217;agissement a donn\u00e9 lieu \u00e0 une sanction imm\u00e9diate (exclusion, mise \u00e0 pied), aucune sanction d\u00e9finitive, relative \u00e0 cet agissement ne peut \u00eatre prise sans que le stagiaire ait \u00e9t\u00e9 inform\u00e9 au pr\u00e9alable des griefs retenus contre lui et \u00e9ventuellement que la proc\u00e9dure ci-dessus d\u00e9crite ait \u00e9t\u00e9 respect\u00e9e.<\/p>\n\n\n\n<div class=\"wp-block-buttons is-layout-flex wp-block-buttons-is-layout-flex\">\n<div class=\"wp-block-button has-custom-font-size is-style-fill has-medium-font-size\"><a class=\"wp-block-button__link has-black-color has-luminous-vivid-amber-background-color has-text-color has-background\" href=\"http:\/\/db-school.fr\/wp-content\/uploads\/2022\/01\/reglement-interieur-DB-SCHOOL.pdf\">T\u00e9l\u00e9charger le r\u00e8glement<\/a><\/div>\n<\/div>\n\n\n\n<p><\/p>\n","protected":false},"excerpt":{"rendered":"<p>R\u00e8glement int\u00e9rieur et principaux textes de r\u00e9f\u00e9rence Ce r\u00e8glement s&#8217;applique uniquement lors d&#8217;une formation r\u00e9alis\u00e9e par la&nbsp;DB&nbsp;SCHOOL Le pr\u00e9sent r\u00e8glement int\u00e9rieur a vocation \u00e0 pr\u00e9ciser certaines dispositions s&#8217;appliquant \u00e0 tous les inscrits et participants aux diff\u00e9rents stages organis\u00e9s par l&#8217;organisme de formation dans le but&nbsp;de permettre un fonctionnement r\u00e9gulier des formations&nbsp;propos\u00e9es. Personnel assujetti&nbsp;: Le pr\u00e9sent<a class=\"article-read-more\" href=\"https:\/\/db-school.fr\/index.php\/reglement-interieur\/\"><i class=\"worldblogicon fa-angle-double-right\"><\/i><\/a><\/p>\n","protected":false},"author":1,"featured_media":0,"parent":0,"menu_order":0,"comment_status":"closed","ping_status":"closed","template":"","meta":{"footnotes":""},"class_list":["post-18","page","type-page","status-publish","hentry"],"_links":{"self":[{"href":"https:\/\/db-school.fr\/index.php\/wp-json\/wp\/v2\/pages\/18","targetHints":{"allow":["GET"]}}],"collection":[{"href":"https:\/\/db-school.fr\/index.php\/wp-json\/wp\/v2\/pages"}],"about":[{"href":"https:\/\/db-school.fr\/index.php\/wp-json\/wp\/v2\/types\/page"}],"author":[{"embeddable":true,"href":"https:\/\/db-school.fr\/index.php\/wp-json\/wp\/v2\/users\/1"}],"replies":[{"embeddable":true,"href":"https:\/\/db-school.fr\/index.php\/wp-json\/wp\/v2\/comments?post=18"}],"version-history":[{"count":4,"href":"https:\/\/db-school.fr\/index.php\/wp-json\/wp\/v2\/pages\/18\/revisions"}],"predecessor-version":[{"id":3087,"href":"https:\/\/db-school.fr\/index.php\/wp-json\/wp\/v2\/pages\/18\/revisions\/3087"}],"wp:attachment":[{"href":"https:\/\/db-school.fr\/index.php\/wp-json\/wp\/v2\/media?parent=18"}],"curies":[{"name":"wp","href":"https:\/\/api.w.org\/{rel}","templated":true}]}}