{"id":3020,"date":"2022-01-24T15:48:20","date_gmt":"2022-01-24T14:48:20","guid":{"rendered":"http:\/\/db-school.fr\/?page_id=3020"},"modified":"2025-09-15T09:09:50","modified_gmt":"2025-09-15T07:09:50","slug":"formation-chocolat-de-noel-royaume-du-chocolat","status":"publish","type":"page","link":"https:\/\/db-school.fr\/index.php\/nos-formations\/formation-chocolat-de-noel-royaume-du-chocolat\/","title":{"rendered":"FORMATION CHOCOLAT DE NOEL\nROYAUME DU CHOCOLAT"},"content":{"rendered":"<h2 class=\"has-text-align-center wp-block-post-title\">FORMATION CHOCOLAT DE NOEL\nROYAUME DU CHOCOLAT<\/h2>\n\n\n<p><strong>Notre objectif p\u00e9dagogique :<\/strong><br><strong>A l&#8217;issue de la formation, le stagiaire sera capable de :<\/strong><\/p>\n\n\n\n<p><strong>Maitriser les diff\u00e9rentes techniques de cristallisation<\/strong> <strong>des chocolats, les diff\u00e9rentes recettes de fourrages, les<\/strong> <strong>diff\u00e9rentes techniques de moulages, les coulages de<\/strong> <strong>sucettes et de corps creux, la r\u00e9alisation des pi\u00e8ces<\/strong> <strong>artistiques, et les diff\u00e9rentes techniques des d\u00e9cors<\/strong> <strong>en chocolat.<\/strong><br><\/p>\n\n\n\n<p><strong>Modalit\u00e9s et d\u00e9lais d&#8217;acc\u00e9s:<\/strong><br>&nbsp;<strong>Stage r\u00e9alis\u00e9 en intra .&nbsp; &nbsp; &nbsp; &nbsp;<\/strong><\/p>\n\n\n\n<p><strong>Dur\u00e9e:2 jours de 7 heures selon vos disponibilit\u00e9s.<\/strong><\/p>\n\n\n\n<p><strong>Tarif \u00e0 partir de 48,00 \u20ac apr\u00e8s \u00e9tude des besoins.<\/strong><\/p>\n\n\n\n<p><strong>D\u00e9lai d\u2019acc\u00e9s: possibilit\u00e9 de r\u00e9aliser la formation &nbsp; &nbsp; &nbsp; &nbsp; &nbsp; &nbsp; &nbsp;<\/strong><\/p>\n\n\n\n<p><strong>dans le mois apr\u00e8s analyse du dossier.<\/strong><\/p>\n\n\n\n<pre class=\"wp-block-code has-normal-font-size\"><code>   Public et pr\u00e9-requis :\n   Public : p\u00e2tissiers et boulangers                \n   Tout accessibilit\u00e9 de personne en situation de handicap  (PSH )                       \n   Pr\u00e9-requis : aucun pr\u00e9-requis.    <\/code><\/pre>\n\n\n\n<p><strong>Contenu de la formation :<\/strong><br><\/p>\n\n\n\n<p><strong>Niveau 1 :<\/strong> <\/p>\n\n\n\n<p>Expos\u00e9 technique sur les diff\u00e9rentes vari\u00e9t\u00e9s de couverture de chocolat. Expos\u00e9 technique sur les cristalisations de chocolat et la mise au point de celle-ci. Expos\u00e9 technique de diff\u00e9rents int\u00e9rieurs ; ganache \u00e0 chaud, ganache \u00e0 froid, orangettes, p\u00e2tes d&#8217;amandes, liqueurs, ganache liquide, ganachesemi-liquide, ganache solide,pralin\u00e9. Pr\u00e9paration et r\u00e9alisation du pralin\u00e9 .<br><\/p>\n\n\n\n<p><strong>Niveau 2 :<\/strong> &nbsp;<\/p>\n\n\n\n<p>R\u00e9capitulation du niveau 1 . <\/p>\n\n\n\n<p>Moulage ou dressage ou garnissage dediff\u00e9rents &nbsp; &nbsp; &nbsp; &nbsp; &nbsp; &nbsp;<\/p>\n\n\n\n<p>bonbons chocolat .<\/p>\n\n\n\n<p>Enrobage \u00e0 la machine et manuellement.<br><\/p>\n\n\n\n<p><strong>Niveau 3 :<\/strong> <\/p>\n\n\n\n<p>R\u00e9capitulation du niveau 1et 2 . &nbsp;R\u00e9capitulation du niveau 1et 2 . Pr\u00e9paration et r\u00e9alisation du chocolat plastique. &nbsp; &nbsp;<\/p>\n\n\n\n<p>Pr\u00e9paration et r\u00e9alisation de matrices pour confectionner des pi\u00e8ces personnalis\u00e9es sansmoules. &nbsp; &nbsp;<\/p>\n\n\n\n<p>Montage des pi\u00e8ces de loterie (vitrine) et de centre de table.<\/p>\n\n\n\n<p><strong>Moyens p\u00e9dagogiques, techniques et d&#8217;encadrement :<\/strong><br>Formation-action : l&#8217;ensemble des productions sont r\u00e9alis\u00e9es par les stagiaires eux-m\u00eames.&nbsp; &nbsp; &nbsp; &nbsp; &nbsp; &nbsp; &nbsp; &nbsp;<\/p>\n\n\n\n<p>Analyse critique desr\u00e9alisations.<\/p>\n\n\n\n<p>Apports de connaissance techniques et th\u00e9oriques. <\/p>\n\n\n\n<p class=\"has-text-align-center has-medium-font-size\"><strong>La formation sera assur\u00e9 par<br>Mr DidierBARRIELLE boulanger,p\u00e2tissier,confiseur,chocolatier,glacier, formateur diplom\u00e9.<\/strong><\/p>\n\n\n\n<p>Modalit\u00e9s de suivi, d&#8217;\u00e9valuation et de validation :<br>Suivi <strong>: <\/strong>Une feuille d&#8217;\u00e9margement est sign\u00e9e par le stagiaire et le formateur pardemi-journ\u00e9e.<\/p>\n\n\n\n<p>Evaluation : Questions et r\u00e9ponses puis mise en situation des r\u00e9alisations en fabrication.<\/p>\n\n\n\n<p>Validation:Attestationdefindeformation ( aucun recyclage n&#8217;est n\u00e9cessaire ).<\/p>\n\n\n\n<p><\/p>\n\n\n\n<div class=\"wp-block-columns is-layout-flex wp-container-core-columns-is-layout-9d6595d7 wp-block-columns-is-layout-flex\">\n<div class=\"wp-block-column is-layout-flow wp-block-column-is-layout-flow\"><\/div>\n\n\n\n<div class=\"wp-block-column is-layout-flow wp-block-column-is-layout-flow\">\n<div class=\"wp-block-buttons is-layout-flex wp-block-buttons-is-layout-flex\">\n<div class=\"wp-block-button\"><a class=\"wp-block-button__link wp-element-button\" href=\"http:\/\/db-school.fr\/wp-content\/uploads\/2025\/09\/chocolat-noel-20-08-25-.pdf\" target=\"_blank\" rel=\"noreferrer noopener\">T\u00e9l\u00e9charger la fiche de cette formation<\/a><\/div>\n<\/div>\n<\/div>\n\n\n\n<div class=\"wp-block-column is-layout-flow wp-block-column-is-layout-flow\"><\/div>\n<\/div>\n","protected":false},"excerpt":{"rendered":"<p>Notre objectif p\u00e9dagogique :A l&#8217;issue de la formation, le stagiaire sera capable de : Maitriser les diff\u00e9rentes techniques de cristallisation des chocolats, les diff\u00e9rentes recettes de fourrages, les diff\u00e9rentes techniques de moulages, les coulages de sucettes et de corps creux, la r\u00e9alisation des pi\u00e8ces artistiques, et les diff\u00e9rentes techniques des d\u00e9cors en chocolat. Modalit\u00e9s et<a class=\"article-read-more\" href=\"https:\/\/db-school.fr\/index.php\/nos-formations\/formation-chocolat-de-noel-royaume-du-chocolat\/\"><i class=\"worldblogicon fa-angle-double-right\"><\/i><\/a><\/p>\n","protected":false},"author":1,"featured_media":0,"parent":19,"menu_order":0,"comment_status":"closed","ping_status":"closed","template":"","meta":{"footnotes":""},"class_list":["post-3020","page","type-page","status-publish","hentry"],"_links":{"self":[{"href":"https:\/\/db-school.fr\/index.php\/wp-json\/wp\/v2\/pages\/3020","targetHints":{"allow":["GET"]}}],"collection":[{"href":"https:\/\/db-school.fr\/index.php\/wp-json\/wp\/v2\/pages"}],"about":[{"href":"https:\/\/db-school.fr\/index.php\/wp-json\/wp\/v2\/types\/page"}],"author":[{"embeddable":true,"href":"https:\/\/db-school.fr\/index.php\/wp-json\/wp\/v2\/users\/1"}],"replies":[{"embeddable":true,"href":"https:\/\/db-school.fr\/index.php\/wp-json\/wp\/v2\/comments?post=3020"}],"version-history":[{"count":5,"href":"https:\/\/db-school.fr\/index.php\/wp-json\/wp\/v2\/pages\/3020\/revisions"}],"predecessor-version":[{"id":3258,"href":"https:\/\/db-school.fr\/index.php\/wp-json\/wp\/v2\/pages\/3020\/revisions\/3258"}],"up":[{"embeddable":true,"href":"https:\/\/db-school.fr\/index.php\/wp-json\/wp\/v2\/pages\/19"}],"wp:attachment":[{"href":"https:\/\/db-school.fr\/index.php\/wp-json\/wp\/v2\/media?parent=3020"}],"curies":[{"name":"wp","href":"https:\/\/api.w.org\/{rel}","templated":true}]}}