{"id":3108,"date":"2022-01-28T10:16:46","date_gmt":"2022-01-28T09:16:46","guid":{"rendered":"https:\/\/db-school.fr\/?page_id=3108"},"modified":"2025-09-15T09:11:15","modified_gmt":"2025-09-15T07:11:15","slug":"macarons-sales","status":"publish","type":"page","link":"https:\/\/db-school.fr\/index.php\/nos-formations\/macarons-sales\/","title":{"rendered":"MACARONS SAL\u00c9S"},"content":{"rendered":"<h2 class=\"has-text-align-center wp-block-post-title\">MACARONS SAL\u00c9S<\/h2>\n\n\n<p><strong>Notre objectif p\u00e9dagogique&nbsp;:<\/strong><\/p>\n\n\n\n<p><strong>A l&#8217;issue de la formation , le stagiaire sera capable de :Ma\u00eetriser les<\/strong><strong>&nbsp;<\/strong><strong>diff\u00e9rentes techniques de garnitures et la r\u00e9alisation des coques<\/strong><strong>&nbsp;<\/strong><strong>.<\/strong><\/p>\n\n\n\n<p><strong>Modalit\u00e9s et d\u00e9lais d&#8217;acc\u00e9s&nbsp;:<\/strong><\/p>\n\n\n\n<p>Stage r\u00e9alis\u00e9 en intra.<\/p>\n\n\n\n<p>Dur\u00e9e : 2 jours de 6 heures par jour selon vos disponibilit\u00e9s .<\/p>\n\n\n\n<p>Tarif\u00a0: \u00e0 partir de 48,00 \u20ac apr\u00e8s \u00e9tude des besoins.<\/p>\n\n\n\n<p><strong>Public et pr\u00e9-requis&nbsp;:<\/strong><\/p>\n\n\n\n<p>Public:boulangers et p\u00e2tissiers<\/p>\n\n\n\n<p>Tout accessibilit\u00e9 aux personnes&nbsp;<\/p>\n\n\n\n<p>en situation de handicap (PSH)&nbsp;<\/p>\n\n\n\n<p>Pr\u00e9-requis : aucun pr\u00e9-requis.<\/p>\n\n\n\n<p><\/p>\n\n\n\n<p><strong>Contenu de la formation&nbsp;:1 er jour<\/strong><\/p>\n\n\n\n<p>Expos\u00e9 technique de fabrication des coques . Mis en place et r\u00e9alisation de la recette.<\/p>\n\n\n\n<p>Expos\u00e9 sur la cuisson : temps de cuisson (\u00e9tape la plus d\u00e9licate ), temp\u00e9rature selon les fours.<\/p>\n\n\n\n<p><strong>2 \u00e8me jour&nbsp;<\/strong><\/p>\n\n\n\n<p>Expos\u00e9 technique de diff\u00e9rents int\u00e9rieurs:mousse, foie gras, saumon fum\u00e9, tapenade, ect,,, Conseil de conservation.<\/p>\n\n\n\n<p><strong>Moyens p\u00e9dagogiques, techniques et d&#8217;encadrement&nbsp;:<\/strong><\/p>\n\n\n\n<p>Formation-action : l&#8217;ensemble des productions sont r\u00e9alis\u00e9es par les stagiaires eux-m\u00eame.&nbsp;<\/p>\n\n\n\n<p>Analyse critique des r\u00e9alisations.<\/p>\n\n\n\n<p>Apports de connaissances techniques et th\u00e9oriques. <\/p>\n\n\n\n<p class=\"has-text-align-center\"><strong>La formation sera assur\u00e9 par Mr Didier BARRIELLE boulanger, p\u00e2tissier, confiseur, chocolatier, glacier, formateur dipl\u00f4m\u00e9.<\/strong><\/p>\n\n\n\n<p><strong>Modalit\u00e9s de suivi, d&#8217;\u00e9valuation et de validation&nbsp;:<\/strong><\/p>\n\n\n\n<p><strong>Suivi :<\/strong> Une feuille d&#8217;\u00e9margement est sign\u00e9e par le stagiaire et le formateur par demi-journ\u00e9e.&nbsp;<\/p>\n\n\n\n<p><strong>Evaluation :<\/strong> Questions r\u00e9ponses puis mise en situation des r\u00e9alisations en fabrication.<\/p>\n\n\n\n<p><strong>Validation :<\/strong> Attestation de fin de formation ( aucun recyclage n&#8217;est n\u00e9cessaire ).<\/p>\n\n\n\n<div class=\"wp-block-buttons is-content-justification-center is-layout-flex wp-container-core-buttons-is-layout-16018d1d wp-block-buttons-is-layout-flex\">\n<div class=\"wp-block-button\"><a class=\"wp-block-button__link wp-element-button\" href=\"http:\/\/db-school.fr\/wp-content\/uploads\/2025\/09\/1-macarons-sales.20-08-25-pdf.pdf\" target=\"_blank\" rel=\"noreferrer noopener\">T\u00e9l\u00e9charger la fiche de cette formation<\/a><\/div>\n<\/div>\n","protected":false},"excerpt":{"rendered":"<p>Notre objectif p\u00e9dagogique&nbsp;: A l&#8217;issue de la formation , le stagiaire sera capable de :Ma\u00eetriser les&nbsp;diff\u00e9rentes techniques de garnitures et la r\u00e9alisation des coques&nbsp;. Modalit\u00e9s et d\u00e9lais d&#8217;acc\u00e9s&nbsp;: Stage r\u00e9alis\u00e9 en intra. Dur\u00e9e : 2 jours de 6 heures par jour selon vos disponibilit\u00e9s . Tarif\u00a0: \u00e0 partir de 48,00 \u20ac apr\u00e8s \u00e9tude des besoins.<a class=\"article-read-more\" href=\"https:\/\/db-school.fr\/index.php\/nos-formations\/macarons-sales\/\"><i class=\"worldblogicon fa-angle-double-right\"><\/i><\/a><\/p>\n","protected":false},"author":1,"featured_media":0,"parent":19,"menu_order":0,"comment_status":"closed","ping_status":"closed","template":"","meta":{"footnotes":""},"class_list":["post-3108","page","type-page","status-publish","hentry"],"_links":{"self":[{"href":"https:\/\/db-school.fr\/index.php\/wp-json\/wp\/v2\/pages\/3108","targetHints":{"allow":["GET"]}}],"collection":[{"href":"https:\/\/db-school.fr\/index.php\/wp-json\/wp\/v2\/pages"}],"about":[{"href":"https:\/\/db-school.fr\/index.php\/wp-json\/wp\/v2\/types\/page"}],"author":[{"embeddable":true,"href":"https:\/\/db-school.fr\/index.php\/wp-json\/wp\/v2\/users\/1"}],"replies":[{"embeddable":true,"href":"https:\/\/db-school.fr\/index.php\/wp-json\/wp\/v2\/comments?post=3108"}],"version-history":[{"count":4,"href":"https:\/\/db-school.fr\/index.php\/wp-json\/wp\/v2\/pages\/3108\/revisions"}],"predecessor-version":[{"id":3261,"href":"https:\/\/db-school.fr\/index.php\/wp-json\/wp\/v2\/pages\/3108\/revisions\/3261"}],"up":[{"embeddable":true,"href":"https:\/\/db-school.fr\/index.php\/wp-json\/wp\/v2\/pages\/19"}],"wp:attachment":[{"href":"https:\/\/db-school.fr\/index.php\/wp-json\/wp\/v2\/media?parent=3108"}],"curies":[{"name":"wp","href":"https:\/\/api.w.org\/{rel}","templated":true}]}}