{"id":3143,"date":"2022-01-28T15:29:21","date_gmt":"2022-01-28T14:29:21","guid":{"rendered":"http:\/\/db-school.fr\/?page_id=3143"},"modified":"2025-09-15T09:14:50","modified_gmt":"2025-09-15T07:14:50","slug":"verrines-salees","status":"publish","type":"page","link":"https:\/\/db-school.fr\/index.php\/verrines-salees\/","title":{"rendered":"VERRINES SAL\u00c9ES"},"content":{"rendered":"<h2 class=\"has-text-align-center wp-block-post-title\">VERRINES SAL\u00c9ES<\/h2>\n\n\n<p><strong>Notre objectif p\u00e9dagogique&nbsp;:<\/strong><\/p>\n\n\n\n<p class=\"has-text-align-center\"><strong>A l&#8217;issue de la formation , le stagiaire&nbsp;sera capable de : Ma\u00eetriser les diff\u00e9rentes techniques de r\u00e9alisation de verrines<\/strong> <strong>sal\u00e9es avec diff\u00e9rentes garnitures et<\/strong> <strong>textures.<\/strong><\/p>\n\n\n\n<p><strong>Modalit\u00e9s pratiques&nbsp;:<\/strong><\/p>\n\n\n\n<p>Stage r\u00e9alis\u00e9 en intra.&nbsp;<\/p>\n\n\n\n<p><strong>Dur\u00e9e : 2 jours de 7 heures selon vos disponibilit\u00e9s.<\/strong><\/p>\n\n\n\n<p>Tarif , \u00e0 partir de 48,00 \u20ac apr\u00e8s \u00e9tude des besoins.<\/p>\n\n\n\n<p><strong>Public et pr\u00e9-requis&nbsp;:<\/strong><\/p>\n\n\n\n<p>Public : boulangers et p\u00e2tissiers&nbsp;<\/p>\n\n\n\n<p>Tout accessibilit\u00e9 aux personnes&nbsp; en situation de handicap (PSH)&nbsp;<\/p>\n\n\n\n<p><strong>Pr\u00e9-requis : aucun pr\u00e9-requis.<\/strong><\/p>\n\n\n\n<p><strong>Contenu de la formation&nbsp;:&nbsp;1 er jour<\/strong><\/p>\n\n\n\n<p>Expos\u00e9 technique de fabrication et de montage de verrines&nbsp;sal\u00e9es. Mis en place et r\u00e9alisation des recettes.<\/p>\n\n\n\n<p><strong>2 \u00e8me jour<\/strong><\/p>\n\n\n\n<p>Cuisson des ingr\u00e9dients : mousse, riz, semoule, viandes,poissons, l\u00e9gumes.&nbsp;<\/p>\n\n\n\n<p>Dressage des ingr\u00e9dients. Conseil de conservation.<\/p>\n\n\n\n<p><strong>Moyens p\u00e9dagogiques, techniques et d&#8217;encadrement&nbsp;:<\/strong><\/p>\n\n\n\n<p>Formation-action : l&#8217;ensemble des productions sont r\u00e9alis\u00e9es par les stagiaires eux-m\u00eame.&nbsp;<\/p>\n\n\n\n<p><strong>Analyse critique des r\u00e9alisations.<\/strong><\/p>\n\n\n\n<p>Apports de connaissances techniques et th\u00e9oriques. <\/p>\n\n\n\n<p class=\"has-text-align-center\">La formation sera assur\u00e9 par Mr Didier BARRIELLE boulanger, p\u00e2tissier, confiseur, chocolatier, glacier, <strong>formateur dipl\u00f4m\u00e9.<\/strong><\/p>\n\n\n\n<p><strong>Modalit\u00e9s de suivi, d&#8217;\u00e9valuation et de validation&nbsp;:<\/strong><\/p>\n\n\n\n<p><strong>Suivi :<\/strong> Une feuille d&#8217;\u00e9margement est sign\u00e9e par le stagiaire et le formateur par demi-journ\u00e9e.&nbsp;<\/p>\n\n\n\n<p><strong>Evaluation :<\/strong> Questions r\u00e9ponses puis mise en situation des r\u00e9alisations en fabrication.<\/p>\n\n\n\n<p><strong>Validation :<\/strong> Attestation de fin de formation ( aucun recyclage n\u00e9cessaire ).<\/p>\n\n\n\n<div class=\"wp-block-buttons is-layout-flex wp-block-buttons-is-layout-flex\">\n<div class=\"wp-block-button aligncenter\"><a class=\"wp-block-button__link wp-element-button\" href=\"http:\/\/db-school.fr\/wp-content\/uploads\/2025\/09\/1-verrines-salees-20-08-25-.pdf\" target=\"_blank\" rel=\"noreferrer noopener\">T\u00e9l\u00e9charger la fiche de cette formation<\/a><\/div>\n<\/div>\n","protected":false},"excerpt":{"rendered":"<p>Notre objectif p\u00e9dagogique&nbsp;: A l&#8217;issue de la formation , le stagiaire&nbsp;sera capable de : Ma\u00eetriser les diff\u00e9rentes techniques de r\u00e9alisation de verrines sal\u00e9es avec diff\u00e9rentes garnitures et textures. Modalit\u00e9s pratiques&nbsp;: Stage r\u00e9alis\u00e9 en intra.&nbsp; Dur\u00e9e : 2 jours de 7 heures selon vos disponibilit\u00e9s. Tarif , \u00e0 partir de 48,00 \u20ac apr\u00e8s \u00e9tude des besoins.<a class=\"article-read-more\" href=\"https:\/\/db-school.fr\/index.php\/verrines-salees\/\"><i class=\"worldblogicon fa-angle-double-right\"><\/i><\/a><\/p>\n","protected":false},"author":1,"featured_media":0,"parent":0,"menu_order":0,"comment_status":"closed","ping_status":"closed","template":"","meta":{"footnotes":""},"class_list":["post-3143","page","type-page","status-publish","hentry"],"_links":{"self":[{"href":"https:\/\/db-school.fr\/index.php\/wp-json\/wp\/v2\/pages\/3143","targetHints":{"allow":["GET"]}}],"collection":[{"href":"https:\/\/db-school.fr\/index.php\/wp-json\/wp\/v2\/pages"}],"about":[{"href":"https:\/\/db-school.fr\/index.php\/wp-json\/wp\/v2\/types\/page"}],"author":[{"embeddable":true,"href":"https:\/\/db-school.fr\/index.php\/wp-json\/wp\/v2\/users\/1"}],"replies":[{"embeddable":true,"href":"https:\/\/db-school.fr\/index.php\/wp-json\/wp\/v2\/comments?post=3143"}],"version-history":[{"count":2,"href":"https:\/\/db-school.fr\/index.php\/wp-json\/wp\/v2\/pages\/3143\/revisions"}],"predecessor-version":[{"id":3268,"href":"https:\/\/db-school.fr\/index.php\/wp-json\/wp\/v2\/pages\/3143\/revisions\/3268"}],"wp:attachment":[{"href":"https:\/\/db-school.fr\/index.php\/wp-json\/wp\/v2\/media?parent=3143"}],"curies":[{"name":"wp","href":"https:\/\/api.w.org\/{rel}","templated":true}]}}